{"id":1218,"date":"2018-08-30T14:46:16","date_gmt":"2018-08-30T17:46:16","guid":{"rendered":"https:\/\/enscarbo-cba.infd.edu.ar\/sitio\/datos-institucionales\/"},"modified":"2024-08-28T20:02:18","modified_gmt":"2024-08-28T23:02:18","slug":"datos-institucionales","status":"publish","type":"page","link":"https:\/\/enscarbo-cba.infd.edu.ar\/sitio\/datos-institucionales\/","title":{"rendered":"C\u00f3mo encontrarnos"},"content":{"rendered":"\n<h4 class=\"wp-block-heading has-text-align-center\">Horario de Atenci\u00f3n al P\u00fablico: de 08.30 a 20.30 hs<\/h4>\n\n\n\n<h4 class=\"wp-block-heading has-text-align-center\"><strong>Direcci\u00f3n: Avenida Col\u00f3n 951 &#8211; Barrio Alberdi<\/strong><\/h4>\n\n\n\n<h4 class=\"wp-block-heading has-text-align-center\"><strong>Tel\u00e9fono: 0351 &#8211; 433-2307<\/strong><\/h4>\n\n\n\n<h4 class=\"wp-block-heading has-text-align-center\"><strong>e- mail: <a href=\"mailto:ee0330332@me.cba.gov\">ee0330332@me.cba.gov<\/a><\/strong><\/h4>\n\n\n\n<p class=\"has-text-align-center\"><iframe loading=\"lazy\" style=\"border: =;\" src=\"https:\/\/www.google.com\/maps\/embed?pb=!1m14!1m8!1m3!1d13620.605383070233!2d-64.195993!3d-31.409956000000005!3m2!1i1024!2i768!4f13.1!3m3!1m2!1s0x94329880ba324545%3A0x48b36f465c035467!2sEscuela%20Normal%20Superior%20%22Dr.%20Alejandro%20Carb%C3%B3%22!5e0!3m2!1ses!2sus!4v1724885905190!5m2!1ses!2sus\" width=\"600\" height=\"450\" allowfullscreen=\"allowfullscreen\"><p><\/p><\/iframe><\/p>\n\n\n\n<p><\/p>\n","protected":false},"excerpt":{"rendered":"<p>Horario de Atenci\u00f3n al P\u00fablico: de 08.30 a 20.30 hs Direcci\u00f3n: Avenida Col\u00f3n 951 &#8211; Barrio Alberdi Tel\u00e9fono: 0351 &#8211; 433-2307 e- mail: ee0330332@me.cba.gov<\/p>\n","protected":false},"author":7,"featured_media":0,"parent":0,"menu_order":0,"comment_status":"closed","ping_status":"closed","template":"","meta":[],"acf":[],"_links":{"self":[{"href":"https:\/\/enscarbo-cba.infd.edu.ar\/sitio\/wp-json\/wp\/v2\/pages\/1218"}],"collection":[{"href":"https:\/\/enscarbo-cba.infd.edu.ar\/sitio\/wp-json\/wp\/v2\/pages"}],"about":[{"href":"https:\/\/enscarbo-cba.infd.edu.ar\/sitio\/wp-json\/wp\/v2\/types\/page"}],"author":[{"embeddable":true,"href":"https:\/\/enscarbo-cba.infd.edu.ar\/sitio\/wp-json\/wp\/v2\/users\/7"}],"replies":[{"embeddable":true,"href":"https:\/\/enscarbo-cba.infd.edu.ar\/sitio\/wp-json\/wp\/v2\/comments?post=1218"}],"version-history":[{"count":32,"href":"https:\/\/enscarbo-cba.infd.edu.ar\/sitio\/wp-json\/wp\/v2\/pages\/1218\/revisions"}],"predecessor-version":[{"id":6096,"href":"https:\/\/enscarbo-cba.infd.edu.ar\/sitio\/wp-json\/wp\/v2\/pages\/1218\/revisions\/6096"}],"wp:attachment":[{"href":"https:\/\/enscarbo-cba.infd.edu.ar\/sitio\/wp-json\/wp\/v2\/media?parent=1218"}],"curies":[{"name":"wp","href":"https:\/\/api.w.org\/{rel}","templated":true}]}}