{"id":2081,"date":"2020-04-15T11:06:31","date_gmt":"2020-04-15T14:06:31","guid":{"rendered":"https:\/\/enscarbo-cba.infd.edu.ar\/sitio\/?page_id=2081"},"modified":"2024-03-11T21:22:04","modified_gmt":"2024-03-12T00:22:04","slug":"tramites-administrativos","status":"publish","type":"page","link":"https:\/\/enscarbo-cba.infd.edu.ar\/sitio\/informacion-para-estudiantes-de-nivel-superior\/tramites-administrativos\/","title":{"rendered":"Pro-secretar\u00eda"},"content":{"rendered":"\n<p class=\"has-text-align-center has-medium-font-size\"><strong>Prosecretar\u00eda de Nivel Superior<\/strong><\/p>\n\n\n\n<p class=\"has-medium-font-size\"><\/p>\n\n\n\n<p class=\"has-text-align-center has-medium-font-size\">Horarios de atenci\u00f3n:<\/p>\n\n\n\n<p class=\"has-text-align-center has-medium-font-size\"><\/p>\n\n\n\n<hr class=\"wp-block-separator has-css-opacity is-style-wide\"\/>\n\n\n\n<h4 class=\"has-text-align-center has-cyan-bluish-gray-background-color has-background wp-block-heading\" style=\"font-size:25px\"><strong>CARGA HORARIA<\/strong><\/h4>\n\n\n\n<h5 class=\"has-vivid-red-color has-text-color wp-block-heading\">Profesorado de Educaci\u00f3n Inicial:<\/h5>\n\n\n\n<p>A\u00f1o de Ingreso&nbsp;<a href=\"https:\/\/enscarbo-cba.infd.edu.ar\/sitio\/wp-content\/uploads\/2020\/04\/PEI_2009-1.pdf\">PEI 2009 (1)<\/a><\/p>\n\n\n\n<p>A\u00f1o de Ingreso&nbsp;<a href=\"https:\/\/enscarbo-cba.infd.edu.ar\/sitio\/wp-content\/uploads\/2020\/04\/PEI_2012.pdf\">PEI 2012<\/a><\/p>\n\n\n\n<p>A\u00f1o de Ingreso&nbsp;<a href=\"https:\/\/enscarbo-cba.infd.edu.ar\/sitio\/wp-content\/uploads\/2020\/04\/PEI-2013_2014.pdf\">PEI 2013-2014<\/a><\/p>\n\n\n\n<p>A\u00f1o de Ingreso <a href=\"https:\/\/enscarbo-cba.infd.edu.ar\/sitio\/wp-content\/uploads\/2020\/09\/PEI-2015-2016.pdf\">PEI 2015-2016<\/a><\/p>\n\n\n\n<p>A\u00f1o de Ingreso <a href=\"https:\/\/enscarbo-cba.infd.edu.ar\/sitio\/wp-content\/uploads\/2022\/11\/carga-horaria-de-PEI-2017-en-adelante.pdf\">PEI 2017 en adelante<\/a><\/p>\n\n\n\n<p>Plan Res 91\/01&nbsp;<a href=\"https:\/\/enscarbo-cba.infd.edu.ar\/sitio\/wp-content\/uploads\/2020\/04\/carga-horaria-dcto91.01.pdf\">carga horaria dcto91.01<\/a><\/p>\n\n\n\n<p class=\"has-vivid-red-color has-text-color has-medium-font-size\"><strong>Profesorado de Educaci\u00f3n Primaria:<\/strong><\/p>\n\n\n\n<p>A\u00f1o de Ingreso&nbsp;<a href=\"https:\/\/enscarbo-cba.infd.edu.ar\/sitio\/wp-content\/uploads\/2020\/04\/PEP_2010.pdf\">PEP 2010<\/a><\/p>\n\n\n\n<p>A\u00f1o de Ingreso&nbsp;<a href=\"https:\/\/enscarbo-cba.infd.edu.ar\/sitio\/wp-content\/uploads\/2020\/04\/PEP_2011-1.pdf\">PEP 2011<\/a><\/p>\n\n\n\n<p>A\u00f1o de Ingreso&nbsp;<a href=\"https:\/\/enscarbo-cba.infd.edu.ar\/sitio\/wp-content\/uploads\/2020\/04\/PEP-2012-1.pdf\">PEP 2012<\/a><\/p>\n\n\n\n<p>A\u00f1o de Ingreso&nbsp;<a href=\"https:\/\/enscarbo-cba.infd.edu.ar\/sitio\/wp-content\/uploads\/2020\/04\/PEP-2013-1.pdf\">PEP 2013<\/a><\/p>\n\n\n\n<p>Plan Res 91\/o1&nbsp;<a href=\"https:\/\/enscarbo-cba.infd.edu.ar\/sitio\/wp-content\/uploads\/2020\/05\/PEP_91-01_4.pdf\">PEP_91-01_4<\/a><\/p>\n\n\n\n<hr class=\"wp-block-separator has-css-opacity is-style-wide\"\/>\n\n\n\n<ul>\n<li><strong>Constancia de NO Sanci\u00f3n Disciplinaria<\/strong>&nbsp;<a href=\"https:\/\/enscarbo-cba.infd.edu.ar\/sitio\/wp-content\/uploads\/2020\/04\/CONSTANCIA_DE_NO_SANCION_2020.pdf\">CONSTANCIA_DE_NO_SANCI\u00d3N_2020<\/a><\/li>\n\n\n\n<li><strong>Constancia de T\u00edtulo en Tr\u00e1mite&nbsp;<a href=\"https:\/\/enscarbo-cba.infd.edu.ar\/sitio\/wp-content\/uploads\/2020\/06\/ConstCertif_de_Estud_en_Tram1.pdf\">ConstCertif_de_Estud_en_Tram1<\/a><\/strong><\/li>\n\n\n\n<li><strong>Solicitud de PASE-RESUMEN DE SITUACI\u00d3N ACAD\u00c9MICA-DIPLOMAS<\/strong> (Anteriores a 2019)&nbsp; <em>(Se debe tener una cuenta en gmail)<\/em> Completar formulario en:&nbsp;<a href=\"https:\/\/docs.google.com\/forms\/d\/e\/1FAIpQLSdkycQ3L07pwwv8PI24fLyh9Gwc2S2xje1VZbvAXEYxvKVxxQ\/viewform?usp=sf_link\">Formulario ADM<\/a><\/li>\n<\/ul>\n\n\n\n<p class=\"has-cyan-bluish-gray-background-color has-background has-normal-font-size\"><strong>El certificado de Anal\u00edtico en tr\u00e1mite y Situaci\u00f3n acad\u00e9mica de las estudiantes deben solicitarlo por mail a:<\/strong>  secretensacarbo@gmail.com, <a href=\"mailto:prosecretariasuperiorcarbo@gmail.com\">prosecretariasuperiorcarbo@gmail.com<\/a><\/p>\n\n\n\n<hr class=\"wp-block-separator has-css-opacity is-style-wide\"\/>\n\n\n\n<p class=\"has-text-align-center\" style=\"font-size:25px\"><strong>ATENCI\u00d3N<\/strong><\/p>\n\n\n\n<p>Las Constancias de <strong>Alumno Regular\/Constancia de Pase en tr\u00e1mite<\/strong> no se solicitan ni se env\u00edan de manera virtual ya que se necesitan firmas y sellos correspondientes.<\/p>\n\n\n\n<hr class=\"wp-block-separator has-css-opacity is-style-wide\"\/>\n\n\n\n<h2 class=\"has-text-align-center has-cyan-bluish-gray-background-color has-background wp-block-heading\" style=\"font-size:25px\">PARA PROFESORES<\/h2>\n\n\n\n<p class=\"has-medium-font-size\">SE LES DEJA UN INSTRUCTIVO PARA INGRESAR AL SISTEMA GESTEAL: <a href=\"https:\/\/enscarbo-cba.infd.edu.ar\/sitio\/wp-content\/uploads\/2020\/04\/GESTEAL-PROFES.pdf\">GESTEAL PROFES<\/a><\/p>\n","protected":false},"excerpt":{"rendered":"<p>Prosecretar\u00eda de Nivel Superior Horarios de atenci\u00f3n: CARGA HORARIA Profesorado de Educaci\u00f3n Inicial: A\u00f1o de Ingreso&nbsp;PEI 2009 (1) A\u00f1o de Ingreso&nbsp;PEI 2012 A\u00f1o de Ingreso&nbsp;PEI 2013-2014 A\u00f1o de Ingreso PEI 2015-2016 A\u00f1o de Ingreso PEI 2017 en adelante Plan Res 91\/01&nbsp;carga horaria dcto91.01 Profesorado de Educaci\u00f3n Primaria: A\u00f1o de Ingreso&nbsp;PEP 2010 A\u00f1o de Ingreso&nbsp;PEP 2011 &#8230; <a title=\"Pro-secretar\u00eda\" class=\"read-more\" href=\"https:\/\/enscarbo-cba.infd.edu.ar\/sitio\/informacion-para-estudiantes-de-nivel-superior\/tramites-administrativos\/\" aria-label=\"More on Pro-secretar\u00eda\">[+]<\/a><\/p>\n","protected":false},"author":1085,"featured_media":0,"parent":1386,"menu_order":0,"comment_status":"closed","ping_status":"closed","template":"","meta":[],"acf":[],"_links":{"self":[{"href":"https:\/\/enscarbo-cba.infd.edu.ar\/sitio\/wp-json\/wp\/v2\/pages\/2081"}],"collection":[{"href":"https:\/\/enscarbo-cba.infd.edu.ar\/sitio\/wp-json\/wp\/v2\/pages"}],"about":[{"href":"https:\/\/enscarbo-cba.infd.edu.ar\/sitio\/wp-json\/wp\/v2\/types\/page"}],"author":[{"embeddable":true,"href":"https:\/\/enscarbo-cba.infd.edu.ar\/sitio\/wp-json\/wp\/v2\/users\/1085"}],"replies":[{"embeddable":true,"href":"https:\/\/enscarbo-cba.infd.edu.ar\/sitio\/wp-json\/wp\/v2\/comments?post=2081"}],"version-history":[{"count":79,"href":"https:\/\/enscarbo-cba.infd.edu.ar\/sitio\/wp-json\/wp\/v2\/pages\/2081\/revisions"}],"predecessor-version":[{"id":5745,"href":"https:\/\/enscarbo-cba.infd.edu.ar\/sitio\/wp-json\/wp\/v2\/pages\/2081\/revisions\/5745"}],"up":[{"embeddable":true,"href":"https:\/\/enscarbo-cba.infd.edu.ar\/sitio\/wp-json\/wp\/v2\/pages\/1386"}],"wp:attachment":[{"href":"https:\/\/enscarbo-cba.infd.edu.ar\/sitio\/wp-json\/wp\/v2\/media?parent=2081"}],"curies":[{"name":"wp","href":"https:\/\/api.w.org\/{rel}","templated":true}]}}