{"id":2347,"date":"2020-08-21T20:18:31","date_gmt":"2020-08-21T23:18:31","guid":{"rendered":"https:\/\/enscarbo-cba.infd.edu.ar\/sitio\/?page_id=2347"},"modified":"2023-12-05T17:06:19","modified_gmt":"2023-12-05T20:06:19","slug":"examenes-nivel-superior","status":"publish","type":"page","link":"https:\/\/enscarbo-cba.infd.edu.ar\/sitio\/examenes-nivel-superior\/","title":{"rendered":"INCRIPCIONES A EX\u00c1MENES DE NIVEL SUPERIOR"},"content":{"rendered":"\n<h2 class=\"has-text-align-center has-black-color has-cyan-bluish-gray-background-color has-text-color has-background wp-block-heading\" style=\"font-size:25px\">REQUISITOS PARA RENDIR EX\u00c1MENES<\/h2>\n\n\n\n<ul>\n<li><strong>Desde el viernes 30 de junio del 2023  los estudiantes en condici\u00f3n libre, regular en asignaturas  y que deban coloquios  del 1\u00b0  cuatrimestre del ciclo lectivo 2023 podr\u00e1n inscribirse por GESTEAL, hasta 48 hs antes del turno de examen para rendir.<\/strong><\/li>\n\n\n\n<li>Presentarse a rendir con <strong>DNI<\/strong>.<\/li>\n\n\n\n<li>Presentar <strong>comprobante de inscripci\u00f3n.<\/strong><\/li>\n\n\n\n<li>Presentar <strong>libreta de estudiante completa con la condici\u00f3n estudiantil.<\/strong><\/li>\n\n\n\n<li>No deber unidades curriculares correlativas: <a rel=\"noreferrer noopener\" href=\"https:\/\/drive.google.com\/file\/d\/1wkuiGlK4Och_m-y4DIj1ix7mq8hgOUf_\/view\" data-type=\"URL\" data-id=\"https:\/\/drive.google.com\/file\/d\/1wkuiGlK4Och_m-y4DIj1ix7mq8hgOUf_\/view\" target=\"_blank\">Sistema de Correlatividades PEI<\/a> <a rel=\"noreferrer noopener\" href=\"https:\/\/enscarbo-cba.infd.edu.ar\/sitio\/wp-content\/uploads\/2019\/03\/Correlatividades-PEP.pdf\" data-type=\"URL\" data-id=\"https:\/\/enscarbo-cba.infd.edu.ar\/sitio\/wp-content\/uploads\/2019\/03\/Correlatividades-PEP.pdf\" target=\"_blank\"> Correlatividades-PEP-<\/a><\/li>\n\n\n\n<li><strong><mark style=\"background-color:rgba(0, 0, 0, 0)\" class=\"has-inline-color has-accent-color\">Ante dudas y\/o inquietudes por per\u00edodo de inscripci\u00f3n  dirigirse a preceptoria del turno con documentaci\u00f3n pertinente.<\/mark><\/strong><\/li>\n<\/ul>\n\n\n\n<hr class=\"wp-block-separator has-css-opacity is-style-wide\"\/>\n\n\n\n<h5 class=\"has-text-align-center has-medium-font-size wp-block-heading\"><mark style=\"background-color:rgba(0, 0, 0, 0)\" class=\"has-inline-color has-black-color\">Instructivo para obtener recibo\/comprobante:<\/mark><\/h5>\n\n\n\n<p class=\"has-normal-font-size\">&#8212;&gt; Ingresar a GESTEAL:<strong> <a href=\"http:\/\/www.gesteal.com.ar\/carbo\/alumno.html\"><em>www.gesteal.com.ar\/carbo\/alumno.ht<span class=\"has-inline-color has-vivid-cyan-blue-color\">ml<\/span><\/em><\/a><\/strong><\/p>\n\n\n\n<p class=\"has-normal-font-size\">&#8212;&gt; Opci\u00f3n Ex\u00e1menes\/Inscripci\u00f3n a Examen:<\/p>\n\n\n\n<figure class=\"wp-block-image size-large\"><img decoding=\"async\" loading=\"lazy\" width=\"1204\" height=\"482\" src=\"https:\/\/enscarbo-cba.infd.edu.ar\/sitio\/wp-content\/uploads\/2022\/02\/Imagen-opcion-imprimir-recibo-2.png\" alt=\"\" class=\"wp-image-3637\" srcset=\"https:\/\/enscarbo-cba.infd.edu.ar\/sitio\/wp-content\/uploads\/2022\/02\/Imagen-opcion-imprimir-recibo-2.png 1204w, https:\/\/enscarbo-cba.infd.edu.ar\/sitio\/wp-content\/uploads\/2022\/02\/Imagen-opcion-imprimir-recibo-2-1000x400.png 1000w, https:\/\/enscarbo-cba.infd.edu.ar\/sitio\/wp-content\/uploads\/2022\/02\/Imagen-opcion-imprimir-recibo-2-768x307.png 768w\" sizes=\"(max-width: 1204px) 100vw, 1204px\" \/><\/figure>\n\n\n\n<h5 class=\"has-medium-font-size wp-block-heading\">&nbsp;Por dudas en inscripci\u00f3n, consultar a: preceptoriasupcarbo@gmail.com<\/h5>\n","protected":false},"excerpt":{"rendered":"<p>REQUISITOS PARA RENDIR EX\u00c1MENES Instructivo para obtener recibo\/comprobante: &#8212;&gt; Ingresar a GESTEAL: www.gesteal.com.ar\/carbo\/alumno.html &#8212;&gt; Opci\u00f3n Ex\u00e1menes\/Inscripci\u00f3n a Examen: &nbsp;Por dudas en inscripci\u00f3n, consultar a: preceptoriasupcarbo@gmail.com<\/p>\n","protected":false},"author":7,"featured_media":0,"parent":0,"menu_order":4,"comment_status":"closed","ping_status":"closed","template":"","meta":[],"acf":[],"_links":{"self":[{"href":"https:\/\/enscarbo-cba.infd.edu.ar\/sitio\/wp-json\/wp\/v2\/pages\/2347"}],"collection":[{"href":"https:\/\/enscarbo-cba.infd.edu.ar\/sitio\/wp-json\/wp\/v2\/pages"}],"about":[{"href":"https:\/\/enscarbo-cba.infd.edu.ar\/sitio\/wp-json\/wp\/v2\/types\/page"}],"author":[{"embeddable":true,"href":"https:\/\/enscarbo-cba.infd.edu.ar\/sitio\/wp-json\/wp\/v2\/users\/7"}],"replies":[{"embeddable":true,"href":"https:\/\/enscarbo-cba.infd.edu.ar\/sitio\/wp-json\/wp\/v2\/comments?post=2347"}],"version-history":[{"count":113,"href":"https:\/\/enscarbo-cba.infd.edu.ar\/sitio\/wp-json\/wp\/v2\/pages\/2347\/revisions"}],"predecessor-version":[{"id":5596,"href":"https:\/\/enscarbo-cba.infd.edu.ar\/sitio\/wp-json\/wp\/v2\/pages\/2347\/revisions\/5596"}],"wp:attachment":[{"href":"https:\/\/enscarbo-cba.infd.edu.ar\/sitio\/wp-json\/wp\/v2\/media?parent=2347"}],"curies":[{"name":"wp","href":"https:\/\/api.w.org\/{rel}","templated":true}]}}