{"id":2574,"date":"2021-01-24T06:48:08","date_gmt":"2021-01-24T09:48:08","guid":{"rendered":"https:\/\/enscarbo-cba.infd.edu.ar\/sitio\/?page_id=2574"},"modified":"2023-03-03T20:33:44","modified_gmt":"2023-03-03T23:33:44","slug":"solicitud-de-tramites-administrativos","status":"publish","type":"page","link":"https:\/\/enscarbo-cba.infd.edu.ar\/sitio\/solicitud-de-tramites-administrativos\/","title":{"rendered":"Tr\u00e1mites Administrativos de Alumnos"},"content":{"rendered":"\n<p class=\"has-text-align-center\">Las consultas y solicitudes de tr\u00e1mites administrativos del <\/p>\n\n\n\n<p class=\"has-text-align-center has-medium-font-size\"><strong><span class=\"has-inline-color has-vivid-red-color\">Despacho de Alumnos de Nivel Secundario<\/span><\/strong><\/p>\n\n\n\n<p class=\"has-text-align-center\">se realizan a trav\u00e9s del correo electr\u00f3nico:<\/p>\n\n\n\n<p class=\"has-text-align-center has-medium-font-size\"><strong>despachoalumnosecundario@gmail.com<\/strong><\/p>\n\n\n\n<p class=\"has-text-align-center\"><strong><span class=\"has-inline-color has-vivid-red-color\">IMPORTANTE:<\/span> DETALLAR EL TR\u00c1MITE QUE SOLICITA Y ENVIAR DATOS COMPLETOS DEL INTERESADO:<\/strong> Nombre y Apellido, DNI, \u00faltimo a\u00f1o cursado en este establecimiento, divisi\u00f3n, turno, especialidad y a\u00f1o calendario (ej. 4\u00b0 a\u00f1o B, Turno Ma\u00f1ana, Especialidad Ciencias Naturales, a\u00f1o 2018).<\/p>\n\n\n\n<p class=\"has-text-align-center\" style=\"font-size:25px\"><strong>La atenci\u00f3n personal es exclusiva para entrega y recepci\u00f3n de documentaci\u00f3n de 9hs a 12hs y de 14hs a 16hs.<\/strong><\/p>\n\n\n\n<hr class=\"wp-block-separator has-css-opacity is-style-wide\"\/>\n\n\n\n<h5 class=\"has-text-align-left has-medium-font-size wp-block-heading\">Formularios de Tr\u00e1mites<\/h5>\n\n\n\n<ul>\n<li><strong>Formulario de Tr\u00e1mite del Boleto Educativo Gratuito: Hacer click en el siguiente enlace &#8211;&gt; <span class=\"has-inline-color has-vivid-cyan-blue-color\"><span style=\"font-family: inherit; font-size: 16px; font-weight: bold; color: rgb(0, 0, 255);\"><a href=\"https:\/\/formularioinscripcion.cba.gov.ar\/fup\/ciudadano\">https:\/\/formularioinscripcion.cba.gov.ar\/fup\/ciudadano<\/a><\/span> <\/span><\/strong><\/li>\n<\/ul>\n\n\n\n<ul>\n<li><strong>Formulario de Solicitud de Tr\u00e1mites Administrativos para: Duplicados de T\u00edtulos Secundario &#8211; Pases a otro Colegio &#8211; Certificado Anal\u00edtico &#8211; Certificado Anal\u00edtico en tr\u00e1mite (v\u00e1lido 60 d\u00edas) &#8211; Constancia de Documentos (certificado estudios primarios) Hacer click en el siguiente enlace &#8212;&gt; <mark style=\"background-color:rgba(0, 0, 0, 0)\" class=\"has-inline-color has-vivid-cyan-blue-color\"><a href=\"https:\/\/forms.gle\/TqsoUDMoz3DcCa9G7 \"><span style=\"font-family: inherit; font-size: 16px; font-weight: bold; color: rgb(0, 0, 255);\">https:\/\/forms.gle\/TqsoUDMoz3DcCa9G7<\/span> <\/a><\/mark><\/strong><\/li>\n<\/ul>\n\n\n\n<ul>\n<li><strong>Formulario ISA. Hacer click para bajar archivo &#8212;&gt;&nbsp;<a style=\"font-family: inherit; font-size: 16px; font-weight: bold;\" href=\"https:\/\/enscarbo-cba.infd.edu.ar\/sitio\/wp-content\/uploads\/2021\/03\/ISA-DDJJ_2020-1.pdf\">ISA-DDJJ_2020-1<\/a> <\/strong><\/li>\n<\/ul>\n\n\n\n<ul>\n<li><strong>Formulario CUS. Hacer clik para bajar archivo &#8212;&gt;&nbsp;<a style=\"font-family: inherit; font-size: 16px; font-weight: bold;\" href=\"https:\/\/enscarbo-cba.infd.edu.ar\/sitio\/wp-content\/uploads\/2021\/03\/Certificado-U\u0301nico-de-Salud-CUS.pdf\">C<\/a><\/strong><a style=\"font-family: inherit; font-size: 16px; font-weight: bold;\" href=\"https:\/\/enscarbo-cba.infd.edu.ar\/sitio\/wp-content\/uploads\/2021\/03\/Certificado-U\u0301nico-de-Salud-CUS.pdf\">ertificado-U\u0301nico-de-Salud-CUS<\/a> <\/li>\n<\/ul>\n\n\n\n<p><\/p>\n","protected":false},"excerpt":{"rendered":"<p>Las consultas y solicitudes de tr\u00e1mites administrativos del Despacho de Alumnos de Nivel Secundario se realizan a trav\u00e9s del correo electr\u00f3nico: despachoalumnosecundario@gmail.com IMPORTANTE: DETALLAR EL TR\u00c1MITE QUE SOLICITA Y ENVIAR DATOS COMPLETOS DEL INTERESADO: Nombre y Apellido, DNI, \u00faltimo a\u00f1o cursado en este establecimiento, divisi\u00f3n, turno, especialidad y a\u00f1o calendario (ej. 4\u00b0 a\u00f1o B, Turno &#8230; <a title=\"Tr\u00e1mites Administrativos de Alumnos\" class=\"read-more\" href=\"https:\/\/enscarbo-cba.infd.edu.ar\/sitio\/solicitud-de-tramites-administrativos\/\" aria-label=\"More on Tr\u00e1mites Administrativos de Alumnos\">[+]<\/a><\/p>\n","protected":false},"author":7,"featured_media":0,"parent":0,"menu_order":0,"comment_status":"closed","ping_status":"open","template":"","meta":[],"acf":[],"_links":{"self":[{"href":"https:\/\/enscarbo-cba.infd.edu.ar\/sitio\/wp-json\/wp\/v2\/pages\/2574"}],"collection":[{"href":"https:\/\/enscarbo-cba.infd.edu.ar\/sitio\/wp-json\/wp\/v2\/pages"}],"about":[{"href":"https:\/\/enscarbo-cba.infd.edu.ar\/sitio\/wp-json\/wp\/v2\/types\/page"}],"author":[{"embeddable":true,"href":"https:\/\/enscarbo-cba.infd.edu.ar\/sitio\/wp-json\/wp\/v2\/users\/7"}],"replies":[{"embeddable":true,"href":"https:\/\/enscarbo-cba.infd.edu.ar\/sitio\/wp-json\/wp\/v2\/comments?post=2574"}],"version-history":[{"count":32,"href":"https:\/\/enscarbo-cba.infd.edu.ar\/sitio\/wp-json\/wp\/v2\/pages\/2574\/revisions"}],"predecessor-version":[{"id":4847,"href":"https:\/\/enscarbo-cba.infd.edu.ar\/sitio\/wp-json\/wp\/v2\/pages\/2574\/revisions\/4847"}],"wp:attachment":[{"href":"https:\/\/enscarbo-cba.infd.edu.ar\/sitio\/wp-json\/wp\/v2\/media?parent=2574"}],"curies":[{"name":"wp","href":"https:\/\/api.w.org\/{rel}","templated":true}]}}