{"id":286,"date":"2016-10-31T13:17:59","date_gmt":"2016-10-31T16:17:59","guid":{"rendered":"https:\/\/enscarbo-cba.infd.edu.ar\/sitio\/?page_id=286"},"modified":"2025-06-23T12:16:49","modified_gmt":"2025-06-23T15:16:49","slug":"inicio","status":"publish","type":"page","link":"https:\/\/enscarbo-cba.infd.edu.ar\/sitio\/","title":{"rendered":"Inicio"},"content":{"rendered":"<h1 style=\"text-align: center;\"><span style=\"color: #000000; font-family: Roboto, sans-serif;\"><span style=\"font-size: 36px;\">Escuela Normal Superior<\/span><\/span><\/h1>\n<h1 style=\"text-align: center;\"><span style=\"color: #000000;\"><span style=\"font-size: 36px; font-family: Roboto, sans-serif;\">\u00abDr. Alejandro Carb\u00f3\u00bb<\/span><\/span><\/h1>\n<h2 style=\"text-align: center;\"><span style=\"font-size: 14pt;\"><span style=\"color: #000000; font-family: Roboto, sans-serif;\">~.Educar en la Verdad.~<\/span><\/span><\/h2>\n<h3 style=\"text-align: center;\"><span style=\"font-size: 14pt;\"><span style=\"color: #000000; font-family: Roboto, sans-serif;\">1884 &#8211; 2025<\/span><\/span><\/h3>\n<p><img decoding=\"async\" loading=\"lazy\" class=\"aligncenter wp-image-6570 \" src=\"https:\/\/enscarbo-cba.infd.edu.ar\/sitio\/wp-content\/uploads\/2025\/06\/20250623_104126-scaled-e1750691687294-1900x883.jpg\" alt=\"\" width=\"1710\" height=\"795\" srcset=\"https:\/\/enscarbo-cba.infd.edu.ar\/sitio\/wp-content\/uploads\/2025\/06\/20250623_104126-scaled-e1750691687294-1900x883.jpg 1900w, https:\/\/enscarbo-cba.infd.edu.ar\/sitio\/wp-content\/uploads\/2025\/06\/20250623_104126-scaled-e1750691687294-1000x465.jpg 1000w, https:\/\/enscarbo-cba.infd.edu.ar\/sitio\/wp-content\/uploads\/2025\/06\/20250623_104126-scaled-e1750691687294-768x357.jpg 768w, https:\/\/enscarbo-cba.infd.edu.ar\/sitio\/wp-content\/uploads\/2025\/06\/20250623_104126-scaled-e1750691687294-1536x714.jpg 1536w, https:\/\/enscarbo-cba.infd.edu.ar\/sitio\/wp-content\/uploads\/2025\/06\/20250623_104126-scaled-e1750691687294-2048x952.jpg 2048w\" sizes=\"(max-width: 1710px) 100vw, 1710px\" \/><\/p>\n<h3 style=\"text-align: center;\"><span style=\"font-size: 14pt;\"><em><span style=\"color: #000000; font-family: Roboto, sans-serif;\">\u00bb La educaci\u00f3n es un acto de amor, por tanto, \u00a0un acto de valor\u00bb P. Freire<\/span><\/em><\/span><\/h3>\n<p>&nbsp;<\/p>\n<p>&nbsp;<\/p>\n<p style=\"text-align: center;\"><em><span style=\"font-size: 14pt; font-family: Roboto, sans-serif;\">A trav\u00e9s de este sitio, nuestra Escuela podr\u00e1 comunicar novedades, acercar<\/span><span style=\"font-size: 14pt; font-family: Roboto, sans-serif;\"> informaci\u00f3n, compartir experiencias y brindar apoyo y asesoramiento a\u00a0alumnos, docentes e interesados en formar parte de esta comunidad <\/span><span style=\"font-size: 14pt; font-family: Roboto, sans-serif;\">educativa.<\/span><\/em><\/p>\n<hr \/>\n<!-- MetaSlider 403 not found -->\n","protected":false},"excerpt":{"rendered":"<p>Escuela Normal Superior \u00abDr. Alejandro Carb\u00f3\u00bb ~.Educar en la Verdad.~ 1884 &#8211; 2025 \u00bb La educaci\u00f3n es un acto de amor, por tanto, \u00a0un acto de valor\u00bb P. Freire &nbsp; &nbsp; A trav\u00e9s de este sitio, nuestra Escuela podr\u00e1 comunicar novedades, acercar informaci\u00f3n, compartir experiencias y brindar apoyo y asesoramiento a\u00a0alumnos, docentes e interesados en &#8230; <a title=\"Inicio\" class=\"read-more\" href=\"https:\/\/enscarbo-cba.infd.edu.ar\/sitio\/\" aria-label=\"More on Inicio\">[+]<\/a><\/p>\n","protected":false},"author":1,"featured_media":0,"parent":2332,"menu_order":0,"comment_status":"closed","ping_status":"closed","template":"","meta":[],"acf":[],"_links":{"self":[{"href":"https:\/\/enscarbo-cba.infd.edu.ar\/sitio\/wp-json\/wp\/v2\/pages\/286"}],"collection":[{"href":"https:\/\/enscarbo-cba.infd.edu.ar\/sitio\/wp-json\/wp\/v2\/pages"}],"about":[{"href":"https:\/\/enscarbo-cba.infd.edu.ar\/sitio\/wp-json\/wp\/v2\/types\/page"}],"author":[{"embeddable":true,"href":"https:\/\/enscarbo-cba.infd.edu.ar\/sitio\/wp-json\/wp\/v2\/users\/1"}],"replies":[{"embeddable":true,"href":"https:\/\/enscarbo-cba.infd.edu.ar\/sitio\/wp-json\/wp\/v2\/comments?post=286"}],"version-history":[{"count":122,"href":"https:\/\/enscarbo-cba.infd.edu.ar\/sitio\/wp-json\/wp\/v2\/pages\/286\/revisions"}],"predecessor-version":[{"id":6572,"href":"https:\/\/enscarbo-cba.infd.edu.ar\/sitio\/wp-json\/wp\/v2\/pages\/286\/revisions\/6572"}],"up":[{"embeddable":true,"href":"https:\/\/enscarbo-cba.infd.edu.ar\/sitio\/wp-json\/wp\/v2\/pages\/2332"}],"wp:attachment":[{"href":"https:\/\/enscarbo-cba.infd.edu.ar\/sitio\/wp-json\/wp\/v2\/media?parent=286"}],"curies":[{"name":"wp","href":"https:\/\/api.w.org\/{rel}","templated":true}]}}