{"id":2928,"date":"2021-03-03T19:46:49","date_gmt":"2021-03-03T22:46:49","guid":{"rendered":"https:\/\/enscarbo-cba.infd.edu.ar\/sitio\/?page_id=2928"},"modified":"2022-10-29T21:03:45","modified_gmt":"2022-10-30T00:03:45","slug":"procedimiento-para-la-gestion-y-control-de-carpetas-medicas-y-juntas-medicas","status":"publish","type":"page","link":"https:\/\/enscarbo-cba.infd.edu.ar\/sitio\/procedimiento-para-la-gestion-y-control-de-carpetas-medicas-y-juntas-medicas\/","title":{"rendered":"Procedimiento para la Gesti\u00f3n y Control de Carpetas M\u00e9dicas y Juntas M\u00e9dicas"},"content":{"rendered":"\n<ul class=\"has-medium-font-size\"><li><strong>Carpetas M\u00e9dicas y Juntas M\u00e9dicas Hacer click para bajar el archivo &#8212;>\u00a0\u00a0<a href=\"https:\/\/enscarbo-cba.infd.edu.ar\/sitio\/wp-content\/uploads\/2021\/03\/PROCEDIMIENTO-PARA-LA-GESTIO\u0301N-Y-CONTROL-DE-CARPETAS-ME\u0301DICAS-Y-JUNTAS-ME\u0301DICAS.pdf\">PROCEDIMIENTO PARA LA GESTIO\u0301N Y CONTROL DE CARPETAS ME\u0301DICAS Y JUNTAS ME\u0301DICAS<\/a><\/strong><\/li><\/ul>\n","protected":false},"excerpt":{"rendered":"<p>Carpetas M\u00e9dicas y Juntas M\u00e9dicas Hacer click para bajar el archivo &#8212;>\u00a0\u00a0PROCEDIMIENTO PARA LA GESTIO\u0301N Y CONTROL DE CARPETAS ME\u0301DICAS Y JUNTAS ME\u0301DICAS<\/p>\n","protected":false},"author":7,"featured_media":0,"parent":0,"menu_order":0,"comment_status":"closed","ping_status":"closed","template":"","meta":[],"acf":[],"_links":{"self":[{"href":"https:\/\/enscarbo-cba.infd.edu.ar\/sitio\/wp-json\/wp\/v2\/pages\/2928"}],"collection":[{"href":"https:\/\/enscarbo-cba.infd.edu.ar\/sitio\/wp-json\/wp\/v2\/pages"}],"about":[{"href":"https:\/\/enscarbo-cba.infd.edu.ar\/sitio\/wp-json\/wp\/v2\/types\/page"}],"author":[{"embeddable":true,"href":"https:\/\/enscarbo-cba.infd.edu.ar\/sitio\/wp-json\/wp\/v2\/users\/7"}],"replies":[{"embeddable":true,"href":"https:\/\/enscarbo-cba.infd.edu.ar\/sitio\/wp-json\/wp\/v2\/comments?post=2928"}],"version-history":[{"count":9,"href":"https:\/\/enscarbo-cba.infd.edu.ar\/sitio\/wp-json\/wp\/v2\/pages\/2928\/revisions"}],"predecessor-version":[{"id":4294,"href":"https:\/\/enscarbo-cba.infd.edu.ar\/sitio\/wp-json\/wp\/v2\/pages\/2928\/revisions\/4294"}],"wp:attachment":[{"href":"https:\/\/enscarbo-cba.infd.edu.ar\/sitio\/wp-json\/wp\/v2\/media?parent=2928"}],"curies":[{"name":"wp","href":"https:\/\/api.w.org\/{rel}","templated":true}]}}