{"id":3435,"date":"2021-09-20T18:13:32","date_gmt":"2021-09-20T21:13:32","guid":{"rendered":"https:\/\/enscarbo-cba.infd.edu.ar\/sitio\/?page_id=3435"},"modified":"2023-03-21T21:53:46","modified_gmt":"2023-03-22T00:53:46","slug":"ingresantes-carreras-2023","status":"publish","type":"page","link":"https:\/\/enscarbo-cba.infd.edu.ar\/sitio\/ingresantes-carreras-2023\/","title":{"rendered":"Seminario de Ingreso 2023"},"content":{"rendered":"\n<figure class=\"wp-block-image size-large\"><img decoding=\"async\" loading=\"lazy\" width=\"1900\" height=\"1069\" src=\"https:\/\/enscarbo-cba.infd.edu.ar\/sitio\/wp-content\/uploads\/2023\/02\/PORTADA-SOE-1-1900x1069.png\" alt=\"\" class=\"wp-image-4719\" srcset=\"https:\/\/enscarbo-cba.infd.edu.ar\/sitio\/wp-content\/uploads\/2023\/02\/PORTADA-SOE-1-1900x1069.png 1900w, https:\/\/enscarbo-cba.infd.edu.ar\/sitio\/wp-content\/uploads\/2023\/02\/PORTADA-SOE-1-1000x563.png 1000w, https:\/\/enscarbo-cba.infd.edu.ar\/sitio\/wp-content\/uploads\/2023\/02\/PORTADA-SOE-1-768x432.png 768w, https:\/\/enscarbo-cba.infd.edu.ar\/sitio\/wp-content\/uploads\/2023\/02\/PORTADA-SOE-1-1536x864.png 1536w, https:\/\/enscarbo-cba.infd.edu.ar\/sitio\/wp-content\/uploads\/2023\/02\/PORTADA-SOE-1.png 1920w\" sizes=\"(max-width: 1900px) 100vw, 1900px\" \/><\/figure>\n\n\n\n<p class=\"has-text-align-center has-contrast-color has-text-color has-medium-font-size\">Ingresantes a 1\u00b0 A\u00d1O PEI-PEP: <\/p>\n\n\n\n<p class=\"has-base-background-color has-background\">Mi\u00e9rcoles 22\/03 PARO DOCENTE, queridos estudiantes las actividades del d\u00eda de ma\u00f1ana se suspenden<\/p>\n\n\n\n<p class=\"has-base-background-color has-background has-medium-font-size\"><strong><mark style=\"background-color:rgba(0, 0, 0, 0)\" class=\"has-inline-color has-contrast-color\">LUNES 27 PARO DOCENTE<\/mark><\/strong>: Queridos estudiantes, ante la situaci\u00f3n mencionada, les informamos que las actividades previstas para el Seminario de Ingreso ese d\u00eda, se trasladan al d\u00eda martes 28 de febrero. <\/p>\n\n\n\n<hr class=\"wp-block-separator has-alpha-channel-opacity\"\/>\n\n\n\n<p class=\"has-medium-font-size\">Estimados estudiantes, nos encontramos en el momento del ingreso al primer Seminario de su carrera, el mismo ser\u00e1 de cursado bimodal, es decir que tendr\u00e1n d\u00edas de cursado a trav\u00e9s del aula virtual -asincr\u00f3nico- y otros de manera presencial en la Instituci\u00f3n.<\/p>\n\n\n\n<p class=\"has-medium-font-size\">Aqu\u00ed le dejamos el cronograma para que vayan coordinando sus agendas y puedan organizarse.<\/p>\n\n\n\n<p class=\"has-medium-font-size\">Para poder acceder al aula virtual el d\u00eda 03\/03 es necesario loguearse, ese procedimiento lo realiza un equipo docente que necesita de cada uno de ustedes una direcci\u00f3n de @gmail, con la que podr\u00e1n trabajar y desempe\u00f1arse a lo largo de tu carrera; por favor, ingresar en el siguiente enlace y completa el formulario &#x1f447;<\/p>\n\n\n\n<p class=\"has-medium-font-size\">&#x1f449;   <a href=\"https:\/\/forms.gle\/46H9de14XCvY4UrR7\"><strong>Inscripci\u00f3n al aula virtual \u00abSeminario del Oficio de Ense\u00f1ar\u00bb<\/strong><\/a><\/p>\n\n\n\n<p>Los esperamos!<\/p>\n\n\n<div class=\"wp-block-image\">\n<figure class=\"aligncenter size-full\"><img decoding=\"async\" loading=\"lazy\" width=\"717\" height=\"966\" src=\"https:\/\/enscarbo-cba.infd.edu.ar\/sitio\/wp-content\/uploads\/2023\/02\/WhatsApp-Image-2023-02-20-at-11.37.39.jpeg\" alt=\"\" class=\"wp-image-4715\"\/><figcaption class=\"wp-element-caption\">*Los d\u00edas que dice <strong>VIRTUAL<\/strong> ser\u00e1n clases asincr\u00f3nica, es decir encontrar\u00e1n en la plataforma del aula virtual actividades, videos, archivos, tutoriales, consignas de trabajo, etc. Les permite manejar sus tiempos de estudio, an\u00e1lisis y reflexi\u00f3n. <\/figcaption><\/figure><\/div>\n\n\n<hr class=\"wp-block-separator has-alpha-channel-opacity\"\/>\n\n\n\n<p class=\"has-medium-font-size\">Mi\u00e9rcoles 01\/03\/23<\/p>\n\n\n\n<p class=\"has-medium-font-size\">Queridos estudiantes ingresantes, atendiendo al corte de luz de la tarde les acercamos un video para que puedan mirar y reflexionar as\u00ed ma\u00f1ana continuamos trabajano en el eje \u00abFormas de ser y estar en la escuela\u00bb. Los esperamos<\/p>\n\n\n\n<figure class=\"wp-block-embed is-type-video is-provider-youtube wp-block-embed-youtube wp-embed-aspect-16-9 wp-has-aspect-ratio\"><div class=\"wp-block-embed__wrapper\">\n<iframe loading=\"lazy\" title=\"Carlos Skliar:  \u00bfCu\u00e1l es el valor de la conversaci\u00f3n para la educaci\u00f3n?\" width=\"1200\" height=\"675\" src=\"https:\/\/www.youtube.com\/embed\/KdtM33TENHQ?feature=oembed\" frameborder=\"0\" allow=\"accelerometer; autoplay; clipboard-write; encrypted-media; gyroscope; picture-in-picture; web-share\" allowfullscreen><\/iframe>\n<\/div><figcaption class=\"wp-element-caption\">\u00bfCu\u00e1l es el valor de la conversaci\u00f3n para la educaci\u00f3n?<\/figcaption><\/figure>\n\n\n\n<p class=\"has-text-align-center has-accent-color has-base-background-color has-text-color has-background has-medium-font-size\"><strong>Periodo de prematriculaci\u00f3n FINALIZADO en diciembre 2022<\/strong><\/p>\n\n\n\n<p class=\"has-text-align-center has-black-color has-text-color has-medium-font-size\"><strong><em>Profesorado de Educaci\u00f3n Inicial<\/em><\/strong><\/p>\n\n\n\n<p class=\"has-text-align-center has-black-color has-text-color has-medium-font-size\"><strong><em>Profesorado de Educaci\u00f3n Primaria<\/em><\/strong><\/p>\n\n\n\n<p><\/p>\n\n\n\n<p class=\"has-text-align-center has-black-color has-white-background-color has-text-color has-background has-medium-font-size\"><strong>El <mark style=\"background-color:rgba(0, 0, 0, 0)\" class=\"has-inline-color has-black-color\">PER\u00cdODO DE PREINSCRIPCI\u00d3N<\/mark>&nbsp;a las&nbsp;carreras para el Ciclo Lectivo&nbsp;2023&nbsp;se realiza A PARTIR DEL 21 DE NOVIEMBRE HASTA EL 15 DE DICIEMBRE DEL A\u00d1O 2022 a trav\u00e9s del Sistema Gesti\u00f3n Estudiantes&nbsp;(SGE).<\/strong><\/p>\n\n\n\n<hr class=\"wp-block-separator has-css-opacity aligncenter is-style-wide\"\/>\n\n\n\n<p class=\"has-text-align-center has-normal-font-size\">Para este procedimiento encontrar\u00e1n los instructivos correspondientes, ingresando a:<\/p>\n\n\n\n<p class=\"has-text-align-center has-normal-font-size\"><br><span class=\"has-inline-color has-vivid-cyan-blue-color\">https:\/\/www.cba.gov.ar\/gestion-estudiantes\/<\/span><br><\/p>\n\n\n\n<p class=\"has-text-align-center has-normal-font-size\">o a la p\u00e1gina de Gobierno de C\u00f3rdoba:<\/p>\n\n\n\n<p class=\"has-text-align-center has-normal-font-size\"><br><a href=\"https:\/\/www.cba.gov.ar\/\">https:\/\/www.cba.gov.ar\/<\/a><br><\/p>\n\n\n\n<p class=\"has-text-align-center has-normal-font-size\">En el men\u00fa que se encuentra en la parte superior derecha de la p\u00e1gina web, se ingresa a Repartici\u00f3n, luego Ministerio de Educaci\u00f3n, luego oprimir en el enlace \u201cGesti\u00f3n de Estudiantes\u201d que se encuentra en la secci\u00f3n llamada \u201cInformaci\u00f3n Adicional\u201d y por \u00faltimo en el men\u00fa derecho ingresar a \u201cPre Matricula \u2013 Nivel Superior\u201d. All\u00ed el sistema le ir\u00e1 indicando y orientando.<\/p>\n\n\n\n<hr class=\"wp-block-separator has-css-opacity is-style-wide\"\/>\n\n\n\n<h3 class=\"has-text-align-center has-black-color has-cyan-bluish-gray-background-color has-text-color has-background wp-block-heading\" style=\"font-size:25px\">CICLO <strong>202<\/strong>3 &#8211; <strong>CONFIRMACI\u00d3N DE INSCRIPCI\u00d3N 1\u00b0 A\u00d1O \u2013 (<\/strong>Presencial)<\/h3>\n\n\n\n<h3 class=\"has-text-align-center has-black-color has-cyan-bluish-gray-background-color has-text-color has-background wp-block-heading\" style=\"font-size:25px\">-Del 27 al 29 de marzo de 2023-<\/h3>\n\n\n\n<h4 class=\"has-medium-font-size wp-block-heading\"><strong>Los estudiantes deber\u00e1n presentar en carpeta fichero <strong>(Roja para PEI y Verde para PEP)<\/strong><\/strong>, <strong>que deber\u00e1n adquirir en la Cooperadora (ver horario en la solapa), la siguiente documentaci\u00f3n:<\/strong><\/h4>\n\n\n\n<ul>\n<li>Comprobante de Pre-matriculaci\u00f3n generada en CIDI.<\/li>\n\n\n\n<li>Copia D.N.I (ambos lados).<\/li>\n\n\n\n<li>Copia del anal\u00edtico de Nivel Secundario o certificado de Estudios en tr\u00e1mite.<\/li>\n\n\n\n<li>Copia Partida de Nacimiento.<\/li>\n\n\n\n<li>Certificado \u00danico de Salud (C.U.S.). Original y fotocopia. Enlace:&nbsp;<a rel=\"noreferrer noopener\" href=\"https:\/\/www.cba.gov.ar\/wp-content\/uploads\/2021\/02\/Certificado-%C3%9Anico-de-Salud-CUS.pdf?csrt=4877087420057802857\" target=\"_blank\">Certificado \u00danico de Salud<\/a>.<\/li>\n\n\n\n<li>Certificado de no inscripci\u00f3n al registro provincial de personas condenadas por delitos contra la integridad sexual (ley 9680). Original y fotocopia. Realizar tr\u00e1mite On Line en&nbsp;<a rel=\"noreferrer noopener\" href=\"https:\/\/cidi.cba.gov.ar\/portal-publico\/\" target=\"_blank\">https:\/\/cidi.cba.gov.ar\/portal-publico\/<\/a>.<\/li>\n\n\n\n<li>Comprobante de transferencia\/dep\u00f3sito Bono Cooperadora<a rel=\"noreferrer noopener\" href=\"https:\/\/enscarbo-cba.infd.edu.ar\/sitio\/asociacion-cooperadora\/\" target=\"_blank\">&nbsp;https:\/\/enscarbo-cba.infd.edu.ar\/sitio\/asociacion-cooperadora\/<\/a><\/li>\n<\/ul>\n\n\n\n<p class=\"has-medium-font-size\"><strong>Presentar toda la documentaci\u00f3n solicitada en PRECEPTOR\u00cdA los siguientes d\u00edas y horarios seg\u00fan corresponda:<\/strong><\/p>\n\n\n\n<p class=\"has-normal-font-size\"><strong>PEP \u2013 DIVISI\u00d3N \u201cA\u201d: TURNO MA\u00d1ANA (de 8 a 12 hs.)<\/strong><\/p>\n\n\n\n<p class=\"has-normal-font-size\"><strong>PEI \u2013 DIVISI\u00d3N \u201cA\u201d: TURNO TARDE (de 13 a 17 hs.)<\/strong><\/p>\n\n\n\n<p class=\"has-normal-font-size\"><strong>PEP y PEI \u2013 DIVISIONES \u201cB\u201d, \u201cC\u201d y \u201cD\u201d : TURNO VESPERTINO (de 18  a 21 hs.)<\/strong> &nbsp; &nbsp; &nbsp;&nbsp;<\/p>\n\n\n\n<p class=\"has-cyan-bluish-gray-background-color has-background has-normal-font-size\">Quienes realizaron la Pre-inscripci\u00f3n en el 2021 y no cursaron el Ciclo Lectivo 2022, deber\u00e1n enviar un correo electr\u00f3nico a <strong>preceptoriasupcarbo@gmail.com<\/strong> para que sea dado de baja en el sistema y poder pre-inscribirse para el Ciclo 2023.-<\/p>\n\n\n\n<p><\/p>\n","protected":false},"excerpt":{"rendered":"<p>Ingresantes a 1\u00b0 A\u00d1O PEI-PEP: Mi\u00e9rcoles 22\/03 PARO DOCENTE, queridos estudiantes las actividades del d\u00eda de ma\u00f1ana se suspenden LUNES 27 PARO DOCENTE: Queridos estudiantes, ante la situaci\u00f3n mencionada, les informamos que las actividades previstas para el Seminario de Ingreso ese d\u00eda, se trasladan al d\u00eda martes 28 de febrero. Estimados estudiantes, nos encontramos en &#8230; <a title=\"Seminario de Ingreso 2023\" class=\"read-more\" href=\"https:\/\/enscarbo-cba.infd.edu.ar\/sitio\/ingresantes-carreras-2023\/\" aria-label=\"More on Seminario de Ingreso 2023\">[+]<\/a><\/p>\n","protected":false},"author":7,"featured_media":0,"parent":0,"menu_order":0,"comment_status":"closed","ping_status":"closed","template":"","meta":[],"acf":[],"_links":{"self":[{"href":"https:\/\/enscarbo-cba.infd.edu.ar\/sitio\/wp-json\/wp\/v2\/pages\/3435"}],"collection":[{"href":"https:\/\/enscarbo-cba.infd.edu.ar\/sitio\/wp-json\/wp\/v2\/pages"}],"about":[{"href":"https:\/\/enscarbo-cba.infd.edu.ar\/sitio\/wp-json\/wp\/v2\/types\/page"}],"author":[{"embeddable":true,"href":"https:\/\/enscarbo-cba.infd.edu.ar\/sitio\/wp-json\/wp\/v2\/users\/7"}],"replies":[{"embeddable":true,"href":"https:\/\/enscarbo-cba.infd.edu.ar\/sitio\/wp-json\/wp\/v2\/comments?post=3435"}],"version-history":[{"count":54,"href":"https:\/\/enscarbo-cba.infd.edu.ar\/sitio\/wp-json\/wp\/v2\/pages\/3435\/revisions"}],"predecessor-version":[{"id":4927,"href":"https:\/\/enscarbo-cba.infd.edu.ar\/sitio\/wp-json\/wp\/v2\/pages\/3435\/revisions\/4927"}],"wp:attachment":[{"href":"https:\/\/enscarbo-cba.infd.edu.ar\/sitio\/wp-json\/wp\/v2\/media?parent=3435"}],"curies":[{"name":"wp","href":"https:\/\/api.w.org\/{rel}","templated":true}]}}