{"id":5842,"date":"2024-03-15T02:01:51","date_gmt":"2024-03-15T05:01:51","guid":{"rendered":"https:\/\/enscarbo-cba.infd.edu.ar\/sitio\/?page_id=5842"},"modified":"2024-03-15T21:56:25","modified_gmt":"2024-03-16T00:56:25","slug":"programas-profesorado-de-nivel-inicial","status":"publish","type":"page","link":"https:\/\/enscarbo-cba.infd.edu.ar\/sitio\/programas-profesorado-de-nivel-inicial\/","title":{"rendered":"PROGRAMAS PROFESORADO DE NIVEL INICIAL"},"content":{"rendered":"<h3>PROGRAMAS PROFESORADO DE NIVEL INICIAL 2023<\/h3>\n<h4><a href=\"https:\/\/enscarbo-cba.infd.edu.ar\/sitio\/pei-programas-2023-primer-ano\/\" target=\"_blank\" rel=\"noopener\">PRIMER A\u00d1O<\/a><\/h4>\n<h4><a href=\"https:\/\/enscarbo-cba.infd.edu.ar\/sitio\/pei-programas-2023-segundo-ano\/\" target=\"_blank\" rel=\"noopener\">SEGUNDO A\u00d1O<\/a><\/h4>\n<h4><a href=\"https:\/\/enscarbo-cba.infd.edu.ar\/sitio\/pei-programas-2023-tercer-ano\/\" target=\"_blank\" rel=\"noopener\">TERCER A\u00d1O<\/a><\/h4>\n<h4><a href=\"https:\/\/enscarbo-cba.infd.edu.ar\/sitio\/pei-programas-2023-cuarto-ano\/\" target=\"_blank\" rel=\"noopener\">CUARTO A\u00d1O<\/a><\/h4>\n\n\n<hr class=\"wp-block-separator has-alpha-channel-opacity\"\/>\n\n\n<h3>PROGRAMAS PROFESORADO DE NIVEL INICIAL 2022<\/h3>\n<h4><a href=\"https:\/\/enscarbo-cba.infd.edu.ar\/sitio\/pei-programas-2022-primer-ano\/\" target=\"_blank\" rel=\"noopener\">PRIMER A\u00d1O<\/a><\/h4>\n<h4><a href=\"https:\/\/enscarbo-cba.infd.edu.ar\/sitio\/pei-programa-2022-segundo-ano\/\" target=\"_blank\" rel=\"noopener\">SEGUNDO A\u00d1O<\/a><\/h4>\n<h4><a href=\"https:\/\/enscarbo-cba.infd.edu.ar\/sitio\/pei-programas-2022-tercer-ano\/\" target=\"_blank\" rel=\"noopener\">TERCER A\u00d1O<\/a><\/h4>\n<h4><a href=\"https:\/\/enscarbo-cba.infd.edu.ar\/sitio\/pei-programas-2022-cuarto-ano\/\" target=\"_blank\" rel=\"noopener\">CUARTO A\u00d1O<\/a><\/h4>\n\n\n<hr class=\"wp-block-separator has-alpha-channel-opacity\"\/>\n\n\n<h3>PROGRAMAS PROFESORADO DE NIVEL INICIAL 2020<\/h3>\n<h4><a href=\"https:\/\/enscarbo-cba.infd.edu.ar\/sitio\/pei-programas-2020-primer-ano\/\" target=\"_blank\" rel=\"noopener\">PRIMER A\u00d1O<\/a><\/h4>\n<h4><a href=\"https:\/\/enscarbo-cba.infd.edu.ar\/sitio\/pei-programas-2020-segundo-ano\/\" target=\"_blank\" rel=\"noopener\">SEGUNDO A\u00d1O<\/a><\/h4>\n<h4><a href=\"https:\/\/enscarbo-cba.infd.edu.ar\/sitio\/pei-programas-2020-tercer-ano\/\" target=\"_blank\" rel=\"noopener\">TERCER A\u00d1O<\/a><\/h4>\n<h4><a href=\"https:\/\/enscarbo-cba.infd.edu.ar\/sitio\/pei-2020-cuarto-ano\/\" target=\"_blank\" rel=\"noopener\">CUARTO A\u00d1O<\/a><\/h4>","protected":false},"excerpt":{"rendered":"<p>PROGRAMAS PROFESORADO DE NIVEL INICIAL 2023 PRIMER A\u00d1O SEGUNDO A\u00d1O TERCER A\u00d1O CUARTO A\u00d1O PROGRAMAS PROFESORADO DE NIVEL INICIAL 2022 PRIMER A\u00d1O SEGUNDO A\u00d1O TERCER A\u00d1O CUARTO A\u00d1O PROGRAMAS PROFESORADO DE NIVEL INICIAL 2020 PRIMER A\u00d1O SEGUNDO A\u00d1O TERCER A\u00d1O CUARTO A\u00d1O<\/p>\n","protected":false},"author":7,"featured_media":0,"parent":0,"menu_order":0,"comment_status":"closed","ping_status":"closed","template":"","meta":[],"acf":[],"_links":{"self":[{"href":"https:\/\/enscarbo-cba.infd.edu.ar\/sitio\/wp-json\/wp\/v2\/pages\/5842"}],"collection":[{"href":"https:\/\/enscarbo-cba.infd.edu.ar\/sitio\/wp-json\/wp\/v2\/pages"}],"about":[{"href":"https:\/\/enscarbo-cba.infd.edu.ar\/sitio\/wp-json\/wp\/v2\/types\/page"}],"author":[{"embeddable":true,"href":"https:\/\/enscarbo-cba.infd.edu.ar\/sitio\/wp-json\/wp\/v2\/users\/7"}],"replies":[{"embeddable":true,"href":"https:\/\/enscarbo-cba.infd.edu.ar\/sitio\/wp-json\/wp\/v2\/comments?post=5842"}],"version-history":[{"count":15,"href":"https:\/\/enscarbo-cba.infd.edu.ar\/sitio\/wp-json\/wp\/v2\/pages\/5842\/revisions"}],"predecessor-version":[{"id":5966,"href":"https:\/\/enscarbo-cba.infd.edu.ar\/sitio\/wp-json\/wp\/v2\/pages\/5842\/revisions\/5966"}],"wp:attachment":[{"href":"https:\/\/enscarbo-cba.infd.edu.ar\/sitio\/wp-json\/wp\/v2\/media?parent=5842"}],"curies":[{"name":"wp","href":"https:\/\/api.w.org\/{rel}","templated":true}]}}