{"id":6190,"date":"2024-10-04T13:14:59","date_gmt":"2024-10-04T16:14:59","guid":{"rendered":"https:\/\/enscarbo-cba.infd.edu.ar\/sitio\/?page_id=6190"},"modified":"2024-10-28T20:12:29","modified_gmt":"2024-10-28T23:12:29","slug":"programas-profesorado-de-nivel-primario","status":"publish","type":"page","link":"https:\/\/enscarbo-cba.infd.edu.ar\/sitio\/programas-profesorado-de-nivel-primario\/","title":{"rendered":"PROGRAMAS PROFESORADO DE NIVEL PRIMARIO"},"content":{"rendered":"\n<h3 class=\"wp-block-heading\">PROGRAMAS PROFESORADO DE NIVEL PRIMARIO 2021<\/h3>\n\n\n\n<h4 class=\"wp-block-heading\"><a href=\"https:\/\/enscarbo-cba.infd.edu.ar\/sitio\/pep-2021-1er-ano\/\" data-type=\"URL\" data-id=\"https:\/\/enscarbo-cba.infd.edu.ar\/sitio\/pep-2021-1er-ano\/\">PRIMER A\u00d1O<\/a><\/h4>\n\n\n\n<h4 class=\"wp-block-heading\"><a href=\"https:\/\/enscarbo-cba.infd.edu.ar\/sitio\/pep-programas-2021-segundo-ano\/\" data-type=\"URL\" data-id=\"https:\/\/enscarbo-cba.infd.edu.ar\/sitio\/pep-programas-2021-segundo-ano\/\">SEGUNDO A\u00d1O<\/a><\/h4>\n\n\n\n<h4 class=\"wp-block-heading\"><a href=\"https:\/\/enscarbo-cba.infd.edu.ar\/sitio\/pep-programas-2021-tercer-ano\/\" data-type=\"URL\" data-id=\"https:\/\/enscarbo-cba.infd.edu.ar\/sitio\/pep-programas-2021-tercer-ano\/\">TERCER A\u00d1O<\/a><\/h4>\n\n\n\n<h4 class=\"wp-block-heading\"><a href=\"https:\/\/enscarbo-cba.infd.edu.ar\/sitio\/pep-programas-2021-cuarto-ano\/\" data-type=\"URL\" data-id=\"https:\/\/enscarbo-cba.infd.edu.ar\/sitio\/pep-programas-2021-cuarto-ano\/\">CUARTO A\u00d1O<\/a><\/h4>\n\n\n\n<hr class=\"wp-block-separator has-alpha-channel-opacity\"\/>\n\n\n\n<h3 class=\"wp-block-heading\">PROGRAMAS PROFESORADO DE NIVEL PRIMARIO 2020<\/h3>\n\n\n\n<h4 class=\"wp-block-heading\"><a href=\"https:\/\/enscarbo-cba.infd.edu.ar\/sitio\/pep-programas-2020-primer-ano\/\">PRIMER A\u00d1O<\/a><\/h4>\n\n\n\n<h4 class=\"wp-block-heading\"><a href=\"https:\/\/enscarbo-cba.infd.edu.ar\/sitio\/pep-programas-2020-segundo-ano\/\">SEGUNDO A\u00d1O<\/a><\/h4>\n\n\n\n<h4 class=\"wp-block-heading\"><a href=\"https:\/\/enscarbo-cba.infd.edu.ar\/sitio\/pep-programas-2020-tercer-ano\/\" data-type=\"URL\" data-id=\"https:\/\/enscarbo-cba.infd.edu.ar\/sitio\/pep-programas-2020-tercer-ano\/\">TERCER A\u00d1O<\/a><\/h4>\n\n\n\n<h4 class=\"wp-block-heading\"><a href=\"https:\/\/enscarbo-cba.infd.edu.ar\/sitio\/pep-programas-2020-cuarto-ano\/\" data-type=\"URL\" data-id=\"https:\/\/enscarbo-cba.infd.edu.ar\/sitio\/pep-programas-2020-cuarto-ano\/\">CUARTO A\u00d1O<\/a><\/h4>\n","protected":false},"excerpt":{"rendered":"<p>PROGRAMAS PROFESORADO DE NIVEL PRIMARIO 2021 PRIMER A\u00d1O SEGUNDO A\u00d1O TERCER A\u00d1O CUARTO A\u00d1O PROGRAMAS PROFESORADO DE NIVEL PRIMARIO 2020 PRIMER A\u00d1O SEGUNDO A\u00d1O TERCER A\u00d1O CUARTO A\u00d1O<\/p>\n","protected":false},"author":7,"featured_media":0,"parent":0,"menu_order":0,"comment_status":"closed","ping_status":"closed","template":"","meta":[],"acf":[],"_links":{"self":[{"href":"https:\/\/enscarbo-cba.infd.edu.ar\/sitio\/wp-json\/wp\/v2\/pages\/6190"}],"collection":[{"href":"https:\/\/enscarbo-cba.infd.edu.ar\/sitio\/wp-json\/wp\/v2\/pages"}],"about":[{"href":"https:\/\/enscarbo-cba.infd.edu.ar\/sitio\/wp-json\/wp\/v2\/types\/page"}],"author":[{"embeddable":true,"href":"https:\/\/enscarbo-cba.infd.edu.ar\/sitio\/wp-json\/wp\/v2\/users\/7"}],"replies":[{"embeddable":true,"href":"https:\/\/enscarbo-cba.infd.edu.ar\/sitio\/wp-json\/wp\/v2\/comments?post=6190"}],"version-history":[{"count":9,"href":"https:\/\/enscarbo-cba.infd.edu.ar\/sitio\/wp-json\/wp\/v2\/pages\/6190\/revisions"}],"predecessor-version":[{"id":6303,"href":"https:\/\/enscarbo-cba.infd.edu.ar\/sitio\/wp-json\/wp\/v2\/pages\/6190\/revisions\/6303"}],"wp:attachment":[{"href":"https:\/\/enscarbo-cba.infd.edu.ar\/sitio\/wp-json\/wp\/v2\/media?parent=6190"}],"curies":[{"name":"wp","href":"https:\/\/api.w.org\/{rel}","templated":true}]}}