{"id":6470,"date":"2024-12-02T15:30:58","date_gmt":"2024-12-02T18:30:58","guid":{"rendered":"https:\/\/enscarbo-cba.infd.edu.ar\/sitio\/?page_id=6470"},"modified":"2025-12-19T09:49:17","modified_gmt":"2025-12-19T12:49:17","slug":"cronograma-de-examenes","status":"publish","type":"page","link":"https:\/\/enscarbo-cba.infd.edu.ar\/sitio\/https-enscarbo-cba-infd-edu-ar-sitio-category-noticias\/cronograma-de-examenes\/","title":{"rendered":"Coloquios febrero 2026"},"content":{"rendered":"\n<p class=\"has-x-large-font-size\">Para las materias que no pudiste aprobar durante 2025, en febrero rend\u00eds los coloquios.<\/p>\n\n\n\n<p>Horarios<\/p>\n\n\n\n<p>1ros Turno Ma\u00f1ana<\/p>\n\n\n\n<div class=\"wp-block-file\"><object class=\"wp-block-file__embed\" data=\"https:\/\/enscarbo-cba.infd.edu.ar\/sitio\/wp-content\/uploads\/2025\/12\/1m-1.pdf\" type=\"application\/pdf\" style=\"width:100%;height:600px\" aria-label=\"Incrustado de 1m-1.\"><\/object><a id=\"wp-block-file--media-65cc50a4-618f-4a3e-9b35-702c52722049\" href=\"https:\/\/enscarbo-cba.infd.edu.ar\/sitio\/wp-content\/uploads\/2025\/12\/1m-1.pdf\">1m-1<\/a><a href=\"https:\/\/enscarbo-cba.infd.edu.ar\/sitio\/wp-content\/uploads\/2025\/12\/1m-1.pdf\" class=\"wp-block-file__button wp-element-button\" download aria-describedby=\"wp-block-file--media-65cc50a4-618f-4a3e-9b35-702c52722049\">Descarga<\/a><\/div>\n\n\n\n<p><\/p>\n\n\n\n<p>1ros Turno Tarde<\/p>\n\n\n\n<div class=\"wp-block-file\"><object class=\"wp-block-file__embed\" data=\"https:\/\/enscarbo-cba.infd.edu.ar\/sitio\/wp-content\/uploads\/2025\/12\/1t.pdf\" type=\"application\/pdf\" style=\"width:100%;height:600px\" aria-label=\"Incrustado de 1t.\"><\/object><a id=\"wp-block-file--media-e327f848-3a06-445f-82e3-30385a774f22\" href=\"https:\/\/enscarbo-cba.infd.edu.ar\/sitio\/wp-content\/uploads\/2025\/12\/1t.pdf\">1t<\/a><a href=\"https:\/\/enscarbo-cba.infd.edu.ar\/sitio\/wp-content\/uploads\/2025\/12\/1t.pdf\" class=\"wp-block-file__button wp-element-button\" download aria-describedby=\"wp-block-file--media-e327f848-3a06-445f-82e3-30385a774f22\">Descarga<\/a><\/div>\n\n\n\n<p><\/p>\n\n\n\n<p>Segundos Turno Ma\u00f1ana<\/p>\n\n\n\n<div class=\"wp-block-file\"><object class=\"wp-block-file__embed\" data=\"https:\/\/enscarbo-cba.infd.edu.ar\/sitio\/wp-content\/uploads\/2025\/12\/2m.pdf\" type=\"application\/pdf\" style=\"width:100%;height:600px\" aria-label=\"Incrustado de 2m.\"><\/object><a id=\"wp-block-file--media-6ecde9e2-ee7c-4525-8d94-4bc3c055ecbc\" href=\"https:\/\/enscarbo-cba.infd.edu.ar\/sitio\/wp-content\/uploads\/2025\/12\/2m.pdf\">2m<\/a><a href=\"https:\/\/enscarbo-cba.infd.edu.ar\/sitio\/wp-content\/uploads\/2025\/12\/2m.pdf\" class=\"wp-block-file__button wp-element-button\" download aria-describedby=\"wp-block-file--media-6ecde9e2-ee7c-4525-8d94-4bc3c055ecbc\">Descarga<\/a><\/div>\n\n\n\n<p><\/p>\n\n\n\n<p>Segundos Turno Tarde<\/p>\n\n\n\n<div class=\"wp-block-file\"><object class=\"wp-block-file__embed\" data=\"https:\/\/enscarbo-cba.infd.edu.ar\/sitio\/wp-content\/uploads\/2025\/12\/2t.pdf\" type=\"application\/pdf\" style=\"width:100%;height:600px\" aria-label=\"Incrustado de 2t.\"><\/object><a id=\"wp-block-file--media-e775b3d8-0998-4505-bb9d-78608503f7cf\" href=\"https:\/\/enscarbo-cba.infd.edu.ar\/sitio\/wp-content\/uploads\/2025\/12\/2t.pdf\">2t<\/a><a href=\"https:\/\/enscarbo-cba.infd.edu.ar\/sitio\/wp-content\/uploads\/2025\/12\/2t.pdf\" class=\"wp-block-file__button wp-element-button\" download aria-describedby=\"wp-block-file--media-e775b3d8-0998-4505-bb9d-78608503f7cf\">Descarga<\/a><\/div>\n\n\n\n<p><\/p>\n\n\n\n<p>Terceros Turno Ma\u00f1ana<\/p>\n\n\n\n<div class=\"wp-block-file\"><object class=\"wp-block-file__embed\" data=\"https:\/\/enscarbo-cba.infd.edu.ar\/sitio\/wp-content\/uploads\/2025\/12\/3m.pdf\" type=\"application\/pdf\" style=\"width:100%;height:600px\" aria-label=\"Incrustado de 3m.\"><\/object><a id=\"wp-block-file--media-41678e9e-4b59-47d8-8a14-1f15f3ae85cf\" href=\"https:\/\/enscarbo-cba.infd.edu.ar\/sitio\/wp-content\/uploads\/2025\/12\/3m.pdf\">3m<\/a><a href=\"https:\/\/enscarbo-cba.infd.edu.ar\/sitio\/wp-content\/uploads\/2025\/12\/3m.pdf\" class=\"wp-block-file__button wp-element-button\" download aria-describedby=\"wp-block-file--media-41678e9e-4b59-47d8-8a14-1f15f3ae85cf\">Descarga<\/a><\/div>\n\n\n\n<p><\/p>\n\n\n\n<p>Terceros Turno Tarde<\/p>\n\n\n\n<div class=\"wp-block-file\"><object class=\"wp-block-file__embed\" data=\"https:\/\/enscarbo-cba.infd.edu.ar\/sitio\/wp-content\/uploads\/2025\/12\/3t.pdf\" type=\"application\/pdf\" style=\"width:100%;height:600px\" aria-label=\"Incrustado de 3t.\"><\/object><a id=\"wp-block-file--media-1d6299f2-d4b0-472c-8664-5951e3e7d041\" href=\"https:\/\/enscarbo-cba.infd.edu.ar\/sitio\/wp-content\/uploads\/2025\/12\/3t.pdf\">3t<\/a><a href=\"https:\/\/enscarbo-cba.infd.edu.ar\/sitio\/wp-content\/uploads\/2025\/12\/3t.pdf\" class=\"wp-block-file__button wp-element-button\" download aria-describedby=\"wp-block-file--media-1d6299f2-d4b0-472c-8664-5951e3e7d041\">Descarga<\/a><\/div>\n\n\n\n<p><\/p>\n\n\n\n<p>Cuartos Turno Ma\u00f1ana<\/p>\n\n\n\n<div class=\"wp-block-file\"><object class=\"wp-block-file__embed\" data=\"https:\/\/enscarbo-cba.infd.edu.ar\/sitio\/wp-content\/uploads\/2025\/12\/4m.pdf\" type=\"application\/pdf\" style=\"width:100%;height:600px\" aria-label=\"Incrustado de 4m.\"><\/object><a id=\"wp-block-file--media-9793ed85-0211-424c-a806-3377b3dfc921\" href=\"https:\/\/enscarbo-cba.infd.edu.ar\/sitio\/wp-content\/uploads\/2025\/12\/4m.pdf\">4m<\/a><a href=\"https:\/\/enscarbo-cba.infd.edu.ar\/sitio\/wp-content\/uploads\/2025\/12\/4m.pdf\" class=\"wp-block-file__button wp-element-button\" download aria-describedby=\"wp-block-file--media-9793ed85-0211-424c-a806-3377b3dfc921\">Descarga<\/a><\/div>\n\n\n\n<p><\/p>\n\n\n\n<p>Cuartos Turno Tarde<\/p>\n\n\n\n<div class=\"wp-block-file\"><object class=\"wp-block-file__embed\" data=\"https:\/\/enscarbo-cba.infd.edu.ar\/sitio\/wp-content\/uploads\/2025\/12\/4t.pdf\" type=\"application\/pdf\" style=\"width:100%;height:600px\" aria-label=\"Incrustado de 4t.\"><\/object><a id=\"wp-block-file--media-88d58049-5c6d-44ba-9c27-7fd8cac467f1\" href=\"https:\/\/enscarbo-cba.infd.edu.ar\/sitio\/wp-content\/uploads\/2025\/12\/4t.pdf\">4t<\/a><a href=\"https:\/\/enscarbo-cba.infd.edu.ar\/sitio\/wp-content\/uploads\/2025\/12\/4t.pdf\" class=\"wp-block-file__button wp-element-button\" download aria-describedby=\"wp-block-file--media-88d58049-5c6d-44ba-9c27-7fd8cac467f1\">Descarga<\/a><\/div>\n\n\n\n<p><\/p>\n\n\n\n<p>Quintos Turno Ma\u00f1ana<\/p>\n\n\n\n<div class=\"wp-block-file\"><object class=\"wp-block-file__embed\" data=\"https:\/\/enscarbo-cba.infd.edu.ar\/sitio\/wp-content\/uploads\/2025\/12\/5m.pdf\" type=\"application\/pdf\" style=\"width:100%;height:600px\" aria-label=\"Incrustado de 5m.\"><\/object><a id=\"wp-block-file--media-b191b256-8913-4fa9-9066-bd682b6153f2\" href=\"https:\/\/enscarbo-cba.infd.edu.ar\/sitio\/wp-content\/uploads\/2025\/12\/5m.pdf\">5m<\/a><a href=\"https:\/\/enscarbo-cba.infd.edu.ar\/sitio\/wp-content\/uploads\/2025\/12\/5m.pdf\" class=\"wp-block-file__button wp-element-button\" download aria-describedby=\"wp-block-file--media-b191b256-8913-4fa9-9066-bd682b6153f2\">Descarga<\/a><\/div>\n\n\n\n<p><\/p>\n\n\n\n<p>Quintos Turno Tarde<\/p>\n\n\n\n<div class=\"wp-block-file\"><object class=\"wp-block-file__embed\" data=\"https:\/\/enscarbo-cba.infd.edu.ar\/sitio\/wp-content\/uploads\/2025\/12\/5t.pdf\" type=\"application\/pdf\" style=\"width:100%;height:600px\" aria-label=\"Incrustado de 5t.\"><\/object><a id=\"wp-block-file--media-33ab5ad2-3a21-409e-a28f-66f733173d09\" href=\"https:\/\/enscarbo-cba.infd.edu.ar\/sitio\/wp-content\/uploads\/2025\/12\/5t.pdf\">5t<\/a><a href=\"https:\/\/enscarbo-cba.infd.edu.ar\/sitio\/wp-content\/uploads\/2025\/12\/5t.pdf\" class=\"wp-block-file__button wp-element-button\" download aria-describedby=\"wp-block-file--media-33ab5ad2-3a21-409e-a28f-66f733173d09\">Descarga<\/a><\/div>\n\n\n\n<p><\/p>\n\n\n\n<p>Sextos Turno Ma\u00f1ana<\/p>\n\n\n\n<div class=\"wp-block-file\"><object class=\"wp-block-file__embed\" data=\"https:\/\/enscarbo-cba.infd.edu.ar\/sitio\/wp-content\/uploads\/2025\/12\/6m.pdf\" type=\"application\/pdf\" style=\"width:100%;height:600px\" aria-label=\"Incrustado de 6m.\"><\/object><a id=\"wp-block-file--media-552cc42d-4222-443b-9f00-96516d5ec237\" href=\"https:\/\/enscarbo-cba.infd.edu.ar\/sitio\/wp-content\/uploads\/2025\/12\/6m.pdf\">6m<\/a><a href=\"https:\/\/enscarbo-cba.infd.edu.ar\/sitio\/wp-content\/uploads\/2025\/12\/6m.pdf\" class=\"wp-block-file__button wp-element-button\" download aria-describedby=\"wp-block-file--media-552cc42d-4222-443b-9f00-96516d5ec237\">Descarga<\/a><\/div>\n\n\n\n<p><\/p>\n\n\n\n<p>Sextos Turno Tarde<\/p>\n\n\n\n<div class=\"wp-block-file\"><object class=\"wp-block-file__embed\" data=\"https:\/\/enscarbo-cba.infd.edu.ar\/sitio\/wp-content\/uploads\/2025\/12\/6t.pdf\" type=\"application\/pdf\" style=\"width:100%;height:600px\" aria-label=\"Incrustado de 6t.\"><\/object><a id=\"wp-block-file--media-7af92dbd-2dad-47fe-83e0-813d5202d71e\" href=\"https:\/\/enscarbo-cba.infd.edu.ar\/sitio\/wp-content\/uploads\/2025\/12\/6t.pdf\">6t<\/a><a href=\"https:\/\/enscarbo-cba.infd.edu.ar\/sitio\/wp-content\/uploads\/2025\/12\/6t.pdf\" class=\"wp-block-file__button wp-element-button\" download aria-describedby=\"wp-block-file--media-7af92dbd-2dad-47fe-83e0-813d5202d71e\">Descarga<\/a><\/div>\n","protected":false},"excerpt":{"rendered":"<p>Para las materias que no pudiste aprobar durante 2025, en febrero rend\u00eds los coloquios. Horarios 1ros Turno Ma\u00f1ana 1ros Turno Tarde Segundos Turno Ma\u00f1ana Segundos Turno Tarde Terceros Turno Ma\u00f1ana Terceros Turno Tarde Cuartos Turno Ma\u00f1ana Cuartos Turno Tarde Quintos Turno Ma\u00f1ana Quintos Turno Tarde Sextos Turno Ma\u00f1ana Sextos Turno Tarde<\/p>\n","protected":false},"author":4233,"featured_media":0,"parent":2586,"menu_order":0,"comment_status":"closed","ping_status":"closed","template":"","meta":[],"acf":[],"_links":{"self":[{"href":"https:\/\/enscarbo-cba.infd.edu.ar\/sitio\/wp-json\/wp\/v2\/pages\/6470"}],"collection":[{"href":"https:\/\/enscarbo-cba.infd.edu.ar\/sitio\/wp-json\/wp\/v2\/pages"}],"about":[{"href":"https:\/\/enscarbo-cba.infd.edu.ar\/sitio\/wp-json\/wp\/v2\/types\/page"}],"author":[{"embeddable":true,"href":"https:\/\/enscarbo-cba.infd.edu.ar\/sitio\/wp-json\/wp\/v2\/users\/4233"}],"replies":[{"embeddable":true,"href":"https:\/\/enscarbo-cba.infd.edu.ar\/sitio\/wp-json\/wp\/v2\/comments?post=6470"}],"version-history":[{"count":20,"href":"https:\/\/enscarbo-cba.infd.edu.ar\/sitio\/wp-json\/wp\/v2\/pages\/6470\/revisions"}],"predecessor-version":[{"id":6668,"href":"https:\/\/enscarbo-cba.infd.edu.ar\/sitio\/wp-json\/wp\/v2\/pages\/6470\/revisions\/6668"}],"up":[{"embeddable":true,"href":"https:\/\/enscarbo-cba.infd.edu.ar\/sitio\/wp-json\/wp\/v2\/pages\/2586"}],"wp:attachment":[{"href":"https:\/\/enscarbo-cba.infd.edu.ar\/sitio\/wp-json\/wp\/v2\/media?parent=6470"}],"curies":[{"name":"wp","href":"https:\/\/api.w.org\/{rel}","templated":true}]}}